{"id":18,"date":"2025-12-16T18:22:02","date_gmt":"2025-12-16T18:22:02","guid":{"rendered":"https:\/\/bandervic.com\/cliente\/pma\/?page_id=18"},"modified":"2026-03-20T02:06:29","modified_gmt":"2026-03-20T02:06:29","slug":"contacto","status":"publish","type":"page","link":"https:\/\/bandervic.com\/cliente\/pma\/contacto\/","title":{"rendered":"Contacto"},"content":{"rendered":"\t\t<div data-elementor-type=\"wp-page\" data-elementor-id=\"18\" class=\"elementor elementor-18\" data-elementor-post-type=\"page\">\n\t\t\t\t\t\t<section class=\"elementor-section elementor-top-section elementor-element elementor-element-ba8898c elementor-section-height-min-height elementor-section-boxed elementor-section-height-default elementor-section-items-middle\" data-id=\"ba8898c\" data-element_type=\"section\" data-e-type=\"section\" data-settings=\"{&quot;background_background&quot;:&quot;classic&quot;}\">\n\t\t\t\t\t\t\t<div class=\"elementor-background-overlay\"><\/div>\n\t\t\t\t\t\t\t<div class=\"elementor-container elementor-column-gap-default\">\n\t\t\t\t\t<div class=\"elementor-column elementor-col-100 elementor-top-column elementor-element elementor-element-4216766\" data-id=\"4216766\" data-element_type=\"column\" data-e-type=\"column\">\n\t\t\t<div class=\"elementor-widget-wrap elementor-element-populated\">\n\t\t\t\t\t\t<div class=\"elementor-element elementor-element-c0ea9f8 elementor-align-center aileron-font elementor-widget elementor-widget-breadcrumbs\" data-id=\"c0ea9f8\" data-element_type=\"widget\" data-e-type=\"widget\" data-widget_type=\"breadcrumbs.default\">\n\t\t\t\t\t<p id=\"breadcrumbs\"><span><span><a href=\"https:\/\/bandervic.com\/cliente\/pma\/\">Inicio<\/a><\/span><\/span><\/p>\t\t\t\t<\/div>\n\t\t\t\t\t<\/div>\n\t\t<\/div>\n\t\t\t\t\t<\/div>\n\t\t<\/section>\n\t\t\t\t<section class=\"elementor-section elementor-top-section elementor-element elementor-element-57126ab elementor-section-stretched seccion-contacto elementor-section-boxed elementor-section-height-default elementor-section-height-default\" data-id=\"57126ab\" data-element_type=\"section\" data-e-type=\"section\" data-settings=\"{&quot;background_background&quot;:&quot;classic&quot;,&quot;stretch_section&quot;:&quot;section-stretched&quot;}\">\n\t\t\t\t\t\t<div class=\"elementor-container elementor-column-gap-default\">\n\t\t\t\t\t<div class=\"elementor-column elementor-col-100 elementor-top-column elementor-element elementor-element-c989cfc\" data-id=\"c989cfc\" data-element_type=\"column\" data-e-type=\"column\">\n\t\t\t<div class=\"elementor-widget-wrap elementor-element-populated\">\n\t\t\t\t\t\t<div class=\"elementor-element elementor-element-3b0e4a5 elementor-widget elementor-widget-heading\" data-id=\"3b0e4a5\" data-element_type=\"widget\" data-e-type=\"widget\" data-widget_type=\"heading.default\">\n\t\t\t\t\t<h2 class=\"elementor-heading-title elementor-size-default\">Estamos aqu\u00ed para ayudarte a planificar tu aventura libre de barreras.<\/h2>\t\t\t\t<\/div>\n\t\t\t\t<div class=\"elementor-element elementor-element-8598adc elementor-widget-divider--view-line elementor-widget elementor-widget-divider\" data-id=\"8598adc\" data-element_type=\"widget\" data-e-type=\"widget\" data-widget_type=\"divider.default\">\n\t\t\t\t\t\t\t<div class=\"elementor-divider\">\n\t\t\t<span class=\"elementor-divider-separator\">\n\t\t\t\t\t\t<\/span>\n\t\t<\/div>\n\t\t\t\t\t\t<\/div>\n\t\t\t\t<div class=\"elementor-element elementor-element-e1e603f elementor-widget elementor-widget-heading\" data-id=\"e1e603f\" data-element_type=\"widget\" data-e-type=\"widget\" data-widget_type=\"heading.default\">\n\t\t\t\t\t<h2 class=\"elementor-heading-title elementor-size-default\">Cont\u00e1ctanos ahora y empecemos a planear ese viaje so\u00f1ado.<\/h2>\t\t\t\t<\/div>\n\t\t\t\t<div class=\"elementor-element elementor-element-8bee664 form-container elementor-widget elementor-widget-shortcode\" data-id=\"8bee664\" data-element_type=\"widget\" data-e-type=\"widget\" data-widget_type=\"shortcode.default\">\n\t\t\t\t\t\t\t<div class=\"elementor-shortcode\"><div class=\"jet-form-block\"data-is-block=\"jet-engine\/booking-form\"><form  class=\"jet-form layout-row submit-type-reload\" action=\"\/cliente\/pma\/wp-json\/wp\/v2\/pages\/18?jet_engine_action=book&#038;nocache=1776156926\" method=\"POST\" data-form-id=\"1267\"><div class=\"jet-form-col__end content-fullwidth\"><input class=\"jet-form__field hidden-field\" type=\"hidden\" name=\"_jet_engine_booking_form_id\" value=\"1267\" data-field-name=\"_jet_engine_booking_form_id\"><\/div><div class=\"jet-form-col__end content-fullwidth\"><input class=\"jet-form__field hidden-field\" type=\"hidden\" name=\"_jet_engine_refer\" value=\"https:\/\/bandervic.com\/cliente\/pma\/wp-json\/wp\/v2\/pages\/18\" data-field-name=\"_jet_engine_refer\"><\/div><div  class=\"jet-form-row jet-form-row--hidden\"><div class=\"jet-form-col jet-form-col-12  field-type-hidden  jet-form-field-container\" data-field=\"post_id\" data-conditional=\"false\"><div class=\"jet-form-col__end content-fullwidth\"><input class=\"jet-form__field hidden-field\" type=\"hidden\" name=\"post_id\" value=\"18\" data-field-name=\"post_id\"><\/div><\/div><\/div><div  class=\"jet-form-row jet-form-row--first-visible\"><div class=\"jet-form-col jet-form-col-6  field-type-text  jet-form-field-container\" data-field=\"field_name\" data-conditional=\"false\"><div class=\"jet-form-col__end content-fullwidth\"><input class=\"jet-form__field text-field \" placeholder=\"Nombre*\" value=\"\" required=\"required\" name=\"field_name\" id=\"field_name\" type=\"text\" data-field-name=\"field_name\"><\/div><\/div><div class=\"jet-form-col jet-form-col-6  field-type-text  jet-form-field-container\" data-field=\"field_apellido\" data-conditional=\"false\"><div class=\"jet-form-col__end content-fullwidth\"><input class=\"jet-form__field text-field \" placeholder=\"Apellido*\" value=\"\" required=\"required\" name=\"field_apellido\" id=\"field_apellido\" type=\"text\" data-field-name=\"field_apellido\"><\/div><\/div><\/div><div  class=\"jet-form-row\"><div class=\"jet-form-col jet-form-col-6  field-type-text  jet-form-field-container\" data-field=\"field_email\" data-conditional=\"false\"><div class=\"jet-form-col__end content-fullwidth\"><input class=\"jet-form__field text-field \" placeholder=\"Email*\" value=\"\" required=\"required\" name=\"field_email\" id=\"field_email\" type=\"email\" data-field-name=\"field_email\"><\/div><\/div><div class=\"jet-form-col jet-form-col-6  field-type-text  jet-form-field-container\" data-field=\"field_celular\" data-conditional=\"false\"><div class=\"jet-form-col__end content-fullwidth\"><input class=\"jet-form__field text-field \" placeholder=\"Celular*\" value=\"\" required=\"required\" name=\"field_celular\" id=\"field_celular\" type=\"text\" data-field-name=\"field_celular\"><\/div><\/div><\/div><div  class=\"jet-form-row\"><div class=\"jet-form-col jet-form-col-6  field-type-date  jet-form-field-container\" data-field=\"field_fecha_tentativa_viaje\" data-conditional=\"false\"><div class=\"jet-form-col__start\"><div class=\"jet-form__label\">\n\t<span class=\"jet-form__label-text\" >Fecha tentativa del viaje<span class=\"jet-form__required\">*<\/span><\/span>\n\t<\/div><\/div>\n<div class=\"jet-form-col__end\"><input class=\"jet-form__field date-field\" placeholder=\"Fecha tentativa del viaje*\" value=\"\" required=\"required\" name=\"field_fecha_tentativa_viaje\" type=\"date\" data-field-name=\"field_fecha_tentativa_viaje\" id=\"field_fecha_tentativa_viaje\"><\/div><\/div><div class=\"jet-form-col jet-form-col-6  field-type-text  jet-form-field-container\" data-field=\"field_viajeros\" data-conditional=\"false\"><div class=\"jet-form-col__end content-fullwidth\"><input class=\"jet-form__field text-field \" placeholder=\"N\u00famero de viajeros*\" value=\"\" required=\"required\" name=\"field_viajeros\" id=\"field_viajeros\" type=\"text\" data-field-name=\"field_viajeros\"><\/div><\/div><\/div><div  class=\"jet-form-row\"><div class=\"jet-form-col jet-form-col-6  field-type-select  jet-form-field-container\" data-field=\"field_accesibilidad\" data-conditional=\"false\"><div class=\"jet-form-col__end content-fullwidth\"><select  required=\"required\" name=\"field_accesibilidad\" data-field-name=\"field_accesibilidad\" id=\"field_accesibilidad\" data-default-val=\"\" class=\"jet-form__field select-field\"><option value=\"\" selected>\u00bfAlguno requiere accesibilidad?<\/option><option value=\"Si\" >Si<\/option><option value=\"No\" >No<\/option><\/select><\/div><\/div><\/div><div  class=\"jet-form-row\"><div class=\"jet-form-col jet-form-col-12  field-type-textarea  jet-form-field-container\" data-field=\"field_comentarios\" data-conditional=\"false\"><div class=\"jet-form-col__end content-fullwidth\"><textarea class=\"jet-form__field textarea-field\" placeholder=\"Comentarios adicionales\" required=\"required\" name=\"field_comentarios\" data-field-name=\"field_comentarios\" id=\"field_comentarios\"><\/textarea><\/div><\/div><\/div><div  class=\"jet-form-row\"><div class=\"jet-form-col jet-form-col-12  field-type-checkboxes  jet-form-field-container\" data-field=\"field_terms\" data-conditional=\"false\"><div class=\"jet-form-col__end content-fullwidth\"><div class=\"jet-form__fields-group checkradio-wrap\">\t\t<div class=\"jet-form__field-wrap checkboxes-wrap checkradio-wrap\">\n\t\t\t\t\t\t<label class=\"jet-form__field-label\">\n\t\t\t\t<input\n\t\t\t\t\ttype=\"checkbox\"\n\t\t\t\t\tname=\"field_terms\"\n\t\t\t\t\tclass=\"jet-form__field checkboxes-field checkradio-field checkboxes-required\"\n\t\t\t\t\tvalue=\"Si\"\n\t\t\t\t\tdata-field-name=\"field_terms\"\n\t\t\t\t\t\t\t\t\t\trequired=\"required\"\t\t\t\t\t\t\t\t\t>\n\t\t\t\tEstoy de acuerdo con la <a href=\"\">pol\u00edtica de privacidad<\/a>  del sitio.\t\t\t<\/label>\n\t\t<\/div>\n\t\t<\/div><\/div><\/div><\/div><div  class=\"jet-form-row jet-form-row--submit\"><div class=\"jet-form-col jet-form-col-12  field-type-submit  jet-form-field-container\" data-field=\"Submit\" data-conditional=\"false\"><div class=\"jet-form-col__end content-fullwidth\"><div class=\"jet-form__submit-wrap\">\n\t\t<button class=\"jet-form__submit submit-type-reload\" type=\"submit\">ENVIAR<\/button>\n<\/div><\/div><\/div><\/div><div class=\"jet-form-col__end content-fullwidth\"><input class=\"jet-form__field hidden-field\" type=\"hidden\" name=\"_jet_engine_nonce\" value=\"b62fa7bf83\" data-field-name=\"_jet_engine_nonce\"><\/div><\/form><\/div><\/div>\n\t\t\t\t\t\t<\/div>\n\t\t\t\t<div class=\"elementor-element elementor-element-7d76e48 direccion-contacto-page elementor-widget elementor-widget-heading\" data-id=\"7d76e48\" data-element_type=\"widget\" data-e-type=\"widget\" data-widget_type=\"heading.default\">\n\t\t\t\t\t<p class=\"elementor-heading-title elementor-size-default\"><p>Plaza CSI, Avenida Los Periodistas, Urb. Los \u00c1ngeles, Ciudad de Panam\u00e1<\/p>\n<p><a href=\"mailto:hello@panamaaccesible.com\">hello@panamaaccesible.com<\/a><\/p>\n<p>Whatsapp: +(507) 6483-4264 Tel: +(507) 203-2052<\/p>\n<\/p>\t\t\t\t<\/div>\n\t\t\t\t\t<\/div>\n\t\t<\/div>\n\t\t\t\t\t<\/div>\n\t\t<\/section>\n\t\t\t\t<section class=\"elementor-section elementor-top-section elementor-element elementor-element-adb16f5 elementor-section-full_width elementor-section-height-min-height elementor-section-stretched elementor-section-height-default elementor-section-items-middle\" data-id=\"adb16f5\" data-element_type=\"section\" data-e-type=\"section\" data-settings=\"{&quot;stretch_section&quot;:&quot;section-stretched&quot;}\">\n\t\t\t\t\t\t<div class=\"elementor-container elementor-column-gap-no\">\n\t\t\t\t\t<div class=\"elementor-column elementor-col-100 elementor-top-column elementor-element elementor-element-bbd635e\" data-id=\"bbd635e\" data-element_type=\"column\" data-e-type=\"column\">\n\t\t\t<div class=\"elementor-widget-wrap elementor-element-populated\">\n\t\t\t\t\t\t<div class=\"elementor-element elementor-element-8ca567e elementor-widget elementor-widget-google_maps\" data-id=\"8ca567e\" data-element_type=\"widget\" data-e-type=\"widget\" data-widget_type=\"google_maps.default\">\n\t\t\t\t\t\t\t<div class=\"elementor-custom-embed\">\n\t\t\t<iframe loading=\"lazy\"\n\t\t\t\t\tsrc=\"https:\/\/maps.google.com\/maps?q=Plaza%20Centro%20de%20Soluciones%20Impositivas%2C%20Av.%20de%20los%20Periodistas%2C%20Panam%C3%A1%2C%20Provincia%20de%20Panam%C3%A1%2C%20Panam%C3%A1&#038;t=m&#038;z=18&#038;output=embed&#038;iwloc=near\"\n\t\t\t\t\ttitle=\"Plaza Centro de Soluciones Impositivas, Av. de los Periodistas, Panam\u00e1, Provincia de Panam\u00e1, Panam\u00e1\"\n\t\t\t\t\taria-label=\"Plaza Centro de Soluciones Impositivas, Av. de los Periodistas, Panam\u00e1, Provincia de Panam\u00e1, Panam\u00e1\"\n\t\t\t><\/iframe>\n\t\t<\/div>\n\t\t\t\t\t\t<\/div>\n\t\t\t\t\t<\/div>\n\t\t<\/div>\n\t\t\t\t\t<\/div>\n\t\t<\/section>\n\t\t\t\t<\/div>\n\t\t","protected":false},"excerpt":{"rendered":"","protected":false},"author":1,"featured_media":0,"parent":0,"menu_order":0,"comment_status":"closed","ping_status":"closed","template":"","meta":{"inline_featured_image":false,"footnotes":""},"class_list":["post-18","page","type-page","status-publish","hentry"],"yoast_head":"<!-- This site is optimized with the Yoast SEO plugin v27.3 - https:\/\/yoast.com\/product\/yoast-seo-wordpress\/ -->\n<title>Contacto - Travel Panama Accesible<\/title>\n<meta name=\"description\" content=\"Planifica viajes accesibles en Panam\u00e1 y el mundo. Dise\u00f1amos experiencias sin barreras, c\u00f3modas y seguras, con apoyo experto en cada etapa del viaje.\" \/>\n<meta name=\"robots\" content=\"index, follow, max-snippet:-1, max-image-preview:large, max-video-preview:-1\" \/>\n<link rel=\"canonical\" href=\"https:\/\/bandervic.com\/cliente\/pma\/contacto\/\" \/>\n<meta property=\"og:locale\" content=\"es_ES\" \/>\n<meta property=\"og:type\" content=\"article\" \/>\n<meta property=\"og:title\" content=\"Contacto - Travel Panama Accesible\" \/>\n<meta property=\"og:description\" content=\"Planifica viajes accesibles en Panam\u00e1 y el mundo. Dise\u00f1amos experiencias sin barreras, c\u00f3modas y seguras, con apoyo experto en cada etapa del viaje.\" \/>\n<meta property=\"og:url\" content=\"https:\/\/bandervic.com\/cliente\/pma\/contacto\/\" \/>\n<meta property=\"og:site_name\" content=\"Travel Panama Accesible\" \/>\n<meta property=\"article:modified_time\" content=\"2026-03-20T02:06:29+00:00\" \/>\n<meta name=\"twitter:card\" content=\"summary_large_image\" \/>\n<meta name=\"twitter:label1\" content=\"Tiempo de lectura\" \/>\n\t<meta name=\"twitter:data1\" content=\"1 minuto\" \/>\n<script type=\"application\/ld+json\" class=\"yoast-schema-graph\">{\"@context\":\"https:\\\/\\\/schema.org\",\"@graph\":[{\"@type\":\"WebPage\",\"@id\":\"https:\\\/\\\/bandervic.com\\\/cliente\\\/pma\\\/contacto\\\/\",\"url\":\"https:\\\/\\\/bandervic.com\\\/cliente\\\/pma\\\/contacto\\\/\",\"name\":\"Contacto - Travel Panama Accesible\",\"isPartOf\":{\"@id\":\"https:\\\/\\\/bandervic.com\\\/cliente\\\/pma\\\/#website\"},\"datePublished\":\"2025-12-16T18:22:02+00:00\",\"dateModified\":\"2026-03-20T02:06:29+00:00\",\"description\":\"Planifica viajes accesibles en Panam\u00e1 y el mundo. Dise\u00f1amos experiencias sin barreras, c\u00f3modas y seguras, con apoyo experto en cada etapa del viaje.\",\"breadcrumb\":{\"@id\":\"https:\\\/\\\/bandervic.com\\\/cliente\\\/pma\\\/contacto\\\/#breadcrumb\"},\"inLanguage\":\"es\",\"potentialAction\":[{\"@type\":\"ReadAction\",\"target\":[\"https:\\\/\\\/bandervic.com\\\/cliente\\\/pma\\\/contacto\\\/\"]}]},{\"@type\":\"BreadcrumbList\",\"@id\":\"https:\\\/\\\/bandervic.com\\\/cliente\\\/pma\\\/contacto\\\/#breadcrumb\",\"itemListElement\":[{\"@type\":\"ListItem\",\"position\":1,\"name\":\"Inicio\",\"item\":\"https:\\\/\\\/bandervic.com\\\/cliente\\\/pma\\\/\"},{\"@type\":\"ListItem\",\"position\":2,\"name\":\"Contacto\"}]},{\"@type\":\"WebSite\",\"@id\":\"https:\\\/\\\/bandervic.com\\\/cliente\\\/pma\\\/#website\",\"url\":\"https:\\\/\\\/bandervic.com\\\/cliente\\\/pma\\\/\",\"name\":\"Travel Panama Accesible\",\"description\":\"\",\"publisher\":{\"@id\":\"https:\\\/\\\/bandervic.com\\\/cliente\\\/pma\\\/#organization\"},\"potentialAction\":[{\"@type\":\"SearchAction\",\"target\":{\"@type\":\"EntryPoint\",\"urlTemplate\":\"https:\\\/\\\/bandervic.com\\\/cliente\\\/pma\\\/?s={search_term_string}\"},\"query-input\":{\"@type\":\"PropertyValueSpecification\",\"valueRequired\":true,\"valueName\":\"search_term_string\"}}],\"inLanguage\":\"es\"},{\"@type\":\"Organization\",\"@id\":\"https:\\\/\\\/bandervic.com\\\/cliente\\\/pma\\\/#organization\",\"name\":\"Travel Panama Accesible\",\"url\":\"https:\\\/\\\/bandervic.com\\\/cliente\\\/pma\\\/\",\"logo\":{\"@type\":\"ImageObject\",\"inLanguage\":\"es\",\"@id\":\"https:\\\/\\\/bandervic.com\\\/cliente\\\/pma\\\/#\\\/schema\\\/logo\\\/image\\\/\",\"url\":\"https:\\\/\\\/bandervic.com\\\/cliente\\\/pma\\\/wp-content\\\/uploads\\\/2025\\\/12\\\/logo-panama-accesible.svg\",\"contentUrl\":\"https:\\\/\\\/bandervic.com\\\/cliente\\\/pma\\\/wp-content\\\/uploads\\\/2025\\\/12\\\/logo-panama-accesible.svg\",\"width\":410,\"height\":89,\"caption\":\"Travel Panama Accesible\"},\"image\":{\"@id\":\"https:\\\/\\\/bandervic.com\\\/cliente\\\/pma\\\/#\\\/schema\\\/logo\\\/image\\\/\"}}]}<\/script>\n<!-- \/ Yoast SEO plugin. -->","yoast_head_json":{"title":"Contacto - Travel Panama Accesible","description":"Planifica viajes accesibles en Panam\u00e1 y el mundo. Dise\u00f1amos experiencias sin barreras, c\u00f3modas y seguras, con apoyo experto en cada etapa del viaje.","robots":{"index":"index","follow":"follow","max-snippet":"max-snippet:-1","max-image-preview":"max-image-preview:large","max-video-preview":"max-video-preview:-1"},"canonical":"https:\/\/bandervic.com\/cliente\/pma\/contacto\/","og_locale":"es_ES","og_type":"article","og_title":"Contacto - Travel Panama Accesible","og_description":"Planifica viajes accesibles en Panam\u00e1 y el mundo. Dise\u00f1amos experiencias sin barreras, c\u00f3modas y seguras, con apoyo experto en cada etapa del viaje.","og_url":"https:\/\/bandervic.com\/cliente\/pma\/contacto\/","og_site_name":"Travel Panama Accesible","article_modified_time":"2026-03-20T02:06:29+00:00","twitter_card":"summary_large_image","twitter_misc":{"Tiempo de lectura":"1 minuto"},"schema":{"@context":"https:\/\/schema.org","@graph":[{"@type":"WebPage","@id":"https:\/\/bandervic.com\/cliente\/pma\/contacto\/","url":"https:\/\/bandervic.com\/cliente\/pma\/contacto\/","name":"Contacto - Travel Panama Accesible","isPartOf":{"@id":"https:\/\/bandervic.com\/cliente\/pma\/#website"},"datePublished":"2025-12-16T18:22:02+00:00","dateModified":"2026-03-20T02:06:29+00:00","description":"Planifica viajes accesibles en Panam\u00e1 y el mundo. Dise\u00f1amos experiencias sin barreras, c\u00f3modas y seguras, con apoyo experto en cada etapa del viaje.","breadcrumb":{"@id":"https:\/\/bandervic.com\/cliente\/pma\/contacto\/#breadcrumb"},"inLanguage":"es","potentialAction":[{"@type":"ReadAction","target":["https:\/\/bandervic.com\/cliente\/pma\/contacto\/"]}]},{"@type":"BreadcrumbList","@id":"https:\/\/bandervic.com\/cliente\/pma\/contacto\/#breadcrumb","itemListElement":[{"@type":"ListItem","position":1,"name":"Inicio","item":"https:\/\/bandervic.com\/cliente\/pma\/"},{"@type":"ListItem","position":2,"name":"Contacto"}]},{"@type":"WebSite","@id":"https:\/\/bandervic.com\/cliente\/pma\/#website","url":"https:\/\/bandervic.com\/cliente\/pma\/","name":"Travel Panama Accesible","description":"","publisher":{"@id":"https:\/\/bandervic.com\/cliente\/pma\/#organization"},"potentialAction":[{"@type":"SearchAction","target":{"@type":"EntryPoint","urlTemplate":"https:\/\/bandervic.com\/cliente\/pma\/?s={search_term_string}"},"query-input":{"@type":"PropertyValueSpecification","valueRequired":true,"valueName":"search_term_string"}}],"inLanguage":"es"},{"@type":"Organization","@id":"https:\/\/bandervic.com\/cliente\/pma\/#organization","name":"Travel Panama Accesible","url":"https:\/\/bandervic.com\/cliente\/pma\/","logo":{"@type":"ImageObject","inLanguage":"es","@id":"https:\/\/bandervic.com\/cliente\/pma\/#\/schema\/logo\/image\/","url":"https:\/\/bandervic.com\/cliente\/pma\/wp-content\/uploads\/2025\/12\/logo-panama-accesible.svg","contentUrl":"https:\/\/bandervic.com\/cliente\/pma\/wp-content\/uploads\/2025\/12\/logo-panama-accesible.svg","width":410,"height":89,"caption":"Travel Panama Accesible"},"image":{"@id":"https:\/\/bandervic.com\/cliente\/pma\/#\/schema\/logo\/image\/"}}]}},"_links":{"self":[{"href":"https:\/\/bandervic.com\/cliente\/pma\/wp-json\/wp\/v2\/pages\/18","targetHints":{"allow":["GET"]}}],"collection":[{"href":"https:\/\/bandervic.com\/cliente\/pma\/wp-json\/wp\/v2\/pages"}],"about":[{"href":"https:\/\/bandervic.com\/cliente\/pma\/wp-json\/wp\/v2\/types\/page"}],"author":[{"embeddable":true,"href":"https:\/\/bandervic.com\/cliente\/pma\/wp-json\/wp\/v2\/users\/1"}],"replies":[{"embeddable":true,"href":"https:\/\/bandervic.com\/cliente\/pma\/wp-json\/wp\/v2\/comments?post=18"}],"version-history":[{"count":2,"href":"https:\/\/bandervic.com\/cliente\/pma\/wp-json\/wp\/v2\/pages\/18\/revisions"}],"predecessor-version":[{"id":9537,"href":"https:\/\/bandervic.com\/cliente\/pma\/wp-json\/wp\/v2\/pages\/18\/revisions\/9537"}],"wp:attachment":[{"href":"https:\/\/bandervic.com\/cliente\/pma\/wp-json\/wp\/v2\/media?parent=18"}],"curies":[{"name":"wp","href":"https:\/\/api.w.org\/{rel}","templated":true}]}}